{"id":1042,"date":"2023-09-11T20:35:44","date_gmt":"2023-09-11T20:35:44","guid":{"rendered":"https:\/\/recrutementgk.com\/politique-de-confidentialite\/"},"modified":"2023-12-27T20:44:39","modified_gmt":"2023-12-27T20:44:39","slug":"privacy-policy","status":"publish","type":"page","link":"https:\/\/recrutementgk.com\/en\/privacy-policy\/","title":{"rendered":"Privacy policy"},"content":{"rendered":"\t\t<div data-elementor-type=\"wp-page\" data-elementor-id=\"1042\" class=\"elementor elementor-1042 elementor-566\" data-elementor-post-type=\"page\">\n\t\t\t\t\t\t<section class=\"elementor-section elementor-top-section elementor-element elementor-element-72f051b elementor-section-boxed elementor-section-height-default elementor-section-height-default\" data-id=\"72f051b\" data-element_type=\"section\" data-settings=\"{&quot;background_background&quot;:&quot;classic&quot;}\">\n\t\t\t\t\t\t\t<div class=\"elementor-background-overlay\"><\/div>\n\t\t\t\t\t\t\t<div class=\"elementor-container elementor-column-gap-default\">\n\t\t\t\t\t<div class=\"elementor-column elementor-col-100 elementor-top-column elementor-element elementor-element-38e715d\" data-id=\"38e715d\" data-element_type=\"column\">\n\t\t\t<div class=\"elementor-widget-wrap elementor-element-populated\">\n\t\t\t\t\t\t<div class=\"elementor-element elementor-element-e9bc038 elementor-invisible elementor-widget elementor-widget-heading\" data-id=\"e9bc038\" data-element_type=\"widget\" data-settings=\"{&quot;_animation&quot;:&quot;fadeInUp&quot;}\" data-widget_type=\"heading.default\">\n\t\t\t\t<div class=\"elementor-widget-container\">\n\t\t\t\t\t<h1 class=\"elementor-heading-title elementor-size-default\"><a href=\"https:\/\/recrutementgk.com\/service-detail\/?preview_id=380&#038;preview_nonce=e43501a0a9&#038;preview=true\">PRIVACY POLICY<\/a><\/h1>\t\t\t\t<\/div>\n\t\t\t\t<\/div>\n\t\t\t\t\t<\/div>\n\t\t<\/div>\n\t\t\t\t\t<\/div>\n\t\t<\/section>\n\t\t<div class=\"elementor-element elementor-element-9b845fc e-flex e-con-boxed e-con e-parent\" data-id=\"9b845fc\" data-element_type=\"container\">\n\t\t\t\t\t<div class=\"e-con-inner\">\n\t\t<div class=\"elementor-element elementor-element-42345d8 e-flex e-con-boxed e-con e-child\" data-id=\"42345d8\" data-element_type=\"container\">\n\t\t\t\t\t<div class=\"e-con-inner\">\n\t\t\t\t<div class=\"elementor-element elementor-element-3cba0b8 elementor-widget elementor-widget-text-editor\" data-id=\"3cba0b8\" data-element_type=\"widget\" data-widget_type=\"text-editor.default\">\n\t\t\t\t<div class=\"elementor-widget-container\">\n\t\t\t\t\t\t\t\t\t<p>Derni\u00e8re mise \u00e0 jour : 1 Novembre 2023<\/p><p>Chez Recrutement GK, nous croyons fermement \u00e0 l&#8217;importance de prot\u00e9ger les informations personnelles de nos clients, employ\u00e9s et repr\u00e9sentants (d\u00e9sign\u00e9s ci-apr\u00e8s par \u00ab vous \u00bb, \u00ab votre \u00bb). Nous sommes assujettis \u00e0 la Loi sur la protection des renseignements personnels dans le secteur priv\u00e9, et en tant que tel, nous nous engageons \u00e0 maintenir la confidentialit\u00e9 des renseignements personnels que nous recueillons dans le cadre de nos activit\u00e9s.<\/p><p>Notre politique de confidentialit\u00e9 (la \u00ab Politique \u00bb) vise \u00e0 vous informer de nos pratiques en mati\u00e8re de collecte, d&#8217;utilisation, de divulgation et de conservation des informations personnelles. En choisissant de nous fournir des informations personnelles (que ce soit via notre site Web, notre portail client, par courriel, en personne ou par t\u00e9l\u00e9phone), vous acceptez les termes et les conditions de la pr\u00e9sente Politique de confidentialit\u00e9 et nous autorisez \u00e0 traiter vos informations personnelles conform\u00e9ment \u00e0 celle-ci, aux fins expos\u00e9es ci-dessous.<\/p><p><b>D\u00c9FINITIONS<\/b><\/p><p>Aux fins de la pr\u00e9sente Politique de confidentialit\u00e9 :<\/p><ul><li aria-level=\"1\">Compte d\u00e9signe un compte unique cr\u00e9\u00e9 afin que vous puissiez acc\u00e9der \u00e0 notre site web, nos services ou \u00e0 des parties de celui-ci.<\/li><li aria-level=\"1\">T\u00e9moins (cookies) sont de petits fichiers qui sont plac\u00e9s sur votre ordinateur, appareil mobile ou tout autre appareil par un site Web, contenant les d\u00e9tails de votre historique de navigation sur ce site Web, parmi ses nombreuses utilisations.<\/li><li aria-level=\"1\">Appareil d\u00e9signe tout appareil &#8211; un ordinateur, un t\u00e9l\u00e9phone cellulaire ou une tablette num\u00e9rique &#8211; \u00e9tant en mesure d\u2019acc\u00e9der au Site Web.<\/li><li aria-level=\"1\">Informations ou donn\u00e9es personnelles d\u00e9signe toute information ou renseignement en lien avec un individu identifi\u00e9 ou identifiable.<\/li><li aria-level=\"1\">Fournisseur de Service d\u00e9signe toute personne physique ou morale qui traite ces donn\u00e9es au nom de Recrutement GK. Il s\u2019agit de soci\u00e9t\u00e9s tierces ou de personnes retenues par Recrutement GK pour faciliter le Service, pour fournir le Service au nom de Recrutement GK, pour ex\u00e9cuter des services li\u00e9s au Service ou pour aider Recrutement GK \u00e0 analyser la fa\u00e7on dont le Service est utilis\u00e9.<\/li><li aria-level=\"1\">Tiers Service d\u00e9signe tout site Web ou tout site de r\u00e9seau social par lequel un utilisateur peut se connecter ou cr\u00e9er un compte pour utiliser le Service.<\/li><li aria-level=\"1\">Donn\u00e9es D&#8217;Utilisation d\u00e9signe les donn\u00e9es recueillies automatiquement, qu\u2019elles soient g\u00e9n\u00e9r\u00e9es par l\u2019utilisation du site web ou par l\u2019infrastructure du site web elle-m\u00eame (par exemple, la dur\u00e9e d\u2019une visite sur une page).<\/li><li aria-level=\"1\">Site web d\u00e9signe le site web de Recrutement GK accessible \u00e0 l\u2019adresse https:\/\/recrutementgk.com<\/li><li aria-level=\"1\">Utilisateur d\u00e9signe l\u2019individu qui acc\u00e8de ou utilise le Site Web, ou la soci\u00e9t\u00e9 ou personne morale au nom de qui cet individu acc\u00e8de ou utilise le site web, selon le cas.<\/li><\/ul><p>Nous pouvons utiliser des t\u00e9moins pour recueillir des donn\u00e9es d&#8217;utilisation et am\u00e9liorer votre exp\u00e9rience sur notre Site Web. Nous pouvons \u00e9galement utiliser des services tiers, tels que Google Analytics<\/p><p><b>CONSENTEMENT<\/b><\/p><p>Nous nous engageons \u00e0 prot\u00e9ger la vie priv\u00e9e de nos utilisateurs et nous ne recueillons et n&#8217;utilisons des informations personnelles qu&#8217;avec leur consentement et dans la mesure o\u00f9 la loi l&#8217;autorise ou l&#8217;exige.<\/p><p>En utilisant notre site web situ\u00e9 \u00e0 l&#8217;adresse https:\/\/recrutementgk.com, ou en nous fournissant des informations personnelles, vous acceptez les termes de notre politique de confidentialit\u00e9 et consentez \u00e0 la collecte et \u00e0 l&#8217;utilisation de vos informations personnelles conform\u00e9ment \u00e0 cette politique.<\/p><p>Vous pouvez retirer votre consentement \u00e0 tout moment, sauf dans les cas o\u00f9 la loi ou les contrats en vigueur le restreignent. Nous vous informerons des cons\u00e9quences d&#8217;un tel retrait, notamment de la possibilit\u00e9 que nous ne soyons pas en mesure de fournir un produit ou de traiter une demande. Veuillez noter que votre d\u00e9cision de retirer votre consentement sera enregistr\u00e9e dans nos dossiers.<\/p><p>Dans certaines circonstances, nous pouvons \u00eatre amen\u00e9s \u00e0 recueillir, utiliser ou divulguer des renseignements personnels sans votre consentement. Cela peut se produire lorsque des raisons juridiques, m\u00e9dicales ou de s\u00e9curit\u00e9 rendent impossible ou peu pratique l&#8217;obtention de votre consentement, ou lorsque les informations sont recueillies dans le cadre d&#8217;une enqu\u00eate sur une \u00e9ventuelle rupture de contrat, de la pr\u00e9vention ou de la d\u00e9tection d&#8217;une fraude, ou \u00e0 des fins d&#8217;application de la loi.<\/p><p><b>COLLECTE ET UTILISATION DE VOS INFORMATIONS PERSONNELLES<\/b><\/p><p>Lorsque vous utilisez notre site Web, nous pouvons vous demander de nous fournir certaines informations personnelles qui peuvent \u00eatre utilis\u00e9es pour vous contacter ou vous identifier. Ces informations peuvent inclure, sans s&#8217;y limiter :<\/p><ul><li aria-level=\"1\">Des informations de contact telles que le nom, l&#8217;adresse, l&#8217;adresse courriel et le num\u00e9ro de t\u00e9l\u00e9phone ;<\/li><li aria-level=\"1\">Informations biographiques telles que le titre du poste, l&#8217;employeur, la photographie et le contenu vid\u00e9o ou audio ;<\/li><li aria-level=\"1\">Pr\u00e9f\u00e9rences en mati\u00e8re de communication marketing et informations connexes, telles que les r\u00e9actions et les r\u00e9ponses aux sondages ou autres ;<\/li><li aria-level=\"1\">Informations financi\u00e8res et de facturation telles que l&#8217;adresse de facturation, le compte bancaire, le num\u00e9ro de carte de cr\u00e9dit et autres informations relatives au paiement ;<\/li><li aria-level=\"1\">Informations sur les services, telles que les d\u00e9tails des services que nous vous avons fournis ;<\/li><li aria-level=\"1\">Des informations relatives au recrutement, telles que votre curriculum vitae, votre formation et vos ant\u00e9c\u00e9dents professionnels, les d\u00e9tails de vos affiliations professionnelles et d&#8217;autres informations pertinentes pour un recrutement potentiel ou une association avec Recrutement GK ;<\/li><li aria-level=\"1\">Les donn\u00e9es d&#8217;utilisation peuvent inclure des informations telles que l&#8217;adresse IP de votre appareil, le type de navigateur que vous utilisez, la version du navigateur, les pages de notre site Web que vous visitez, la date et l&#8217;heure de votre visite, le temps pass\u00e9 sur ces pages, les identifiants uniques des appareils et d&#8217;autres donn\u00e9es de diagnostic ;<\/li><li aria-level=\"1\">Si vous acc\u00e9dez \u00e0 notre site web via un appareil mobile, nous pouvons collecter automatiquement certaines informations, notamment le type d&#8217;appareil mobile que vous utilisez, l&#8217;identifiant unique de votre appareil mobile, l&#8217;adresse IP de votre appareil mobile, le syst\u00e8me d&#8217;exploitation de votre appareil mobile, le type de navigateur Internet mobile que vous utilisez, les identifiants uniques des appareils et d&#8217;autres donn\u00e9es de diagnostic.<\/li><li aria-level=\"1\">Nous pouvons \u00e9galement collecter les informations que votre navigateur envoie lorsque vous visitez notre site web ou que vous acc\u00e9dez \u00e0 notre site web via un appareil mobile.<\/li><li aria-level=\"1\">Toute autre information personnelle fournie. Veuillez noter que si vous nous fournissez des informations personnelles sur d&#8217;autres personnes (telles que vos clients, administrateurs, dirigeants, actionnaires, employ\u00e9s ou b\u00e9n\u00e9ficiaires effectifs), vous devez vous assurer que vous avez donn\u00e9 \u00e0 ces personnes un avis appropri\u00e9 indiquant que vous nous fournissez leurs informations et que vous avez obtenu leur consentement \u00e0 cette divulgation.<\/li><\/ul><p>\u00a0<\/p><p><b>NOUS POUVONS UTILISER VOS INFORMATIONS PERSONNELLES AUX FINS SUIVANTES :<\/b><\/p><p>La collecte, l&#8217;utilisation et la divulgation d&#8217;informations personnelles par Recrutement GK se limitent \u00e0 ce qui est n\u00e9cessaire aux fins pour lesquelles elles sont collect\u00e9es.<\/p><p>Recrutement GK recueille des informations personnelles pour diverses raisons, notamment :<\/p><ul><li aria-level=\"1\">R\u00e9pondre \u00e0 vos demandes ;<\/li><li aria-level=\"1\">Recueillir votre CV;<\/li><li aria-level=\"1\">Traiter les paiements et \u00e9mettre des re\u00e7us ;<\/li><li aria-level=\"1\">Compl\u00e9ter votre inscription \u00e0 un \u00e9v\u00e9nement, une formation, une lettre d&#8217;information, un t\u00e9l\u00e9chargement sur notre site web ou l&#8217;inscription \u00e0 un webinaire auquel vous souhaitez participer ;<\/li><li aria-level=\"1\">La gestion de nos ressources humaines et les ententes de service ;<\/li><li aria-level=\"1\">Respecter vos choix de retrait ;<\/li><li aria-level=\"1\">Pour exploiter, maintenir, am\u00e9liorer et fournir toutes les fonctionnalit\u00e9s du site web, pour fournir les services et les informations que vous demandez, pour r\u00e9pondre aux commentaires et aux questions et pour fournir une assistance aux utilisateurs du site web ;<\/li><li aria-level=\"1\">Fournir et am\u00e9liorer notre site web, pour comprendre comment les utilisateurs interagissent avec notre site web et pour personnaliser votre exp\u00e9rience en ligne. En outre, nous pouvons utiliser vos informations pour g\u00e9rer votre compte en tant qu&#8217;utilisateur du site web, notamment pour vous donner acc\u00e8s \u00e0 diff\u00e9rentes fonctionnalit\u00e9s et pour r\u00e9pondre \u00e0 vos demandes.<\/li><li aria-level=\"1\">Nous pouvons \u00e9galement utiliser vos informations pour vous envoyer des communications marketing ou pour vous informer de tout changement important concernant notre site web ou notre entreprise. Veuillez noter que nous ne partagerons pas vos informations avec des tiers \u00e0 des fins de marketing, sauf si vous y consentez express\u00e9ment. ;<\/li><li aria-level=\"1\">Envoyer des informations, des offres sp\u00e9ciales et des actualit\u00e9s sur nos produits, services et \u00e9v\u00e9nements similaires \u00e0 ceux que vous avez d\u00e9j\u00e0 achet\u00e9s ou qui ont suscit\u00e9 votre int\u00e9r\u00eat conform\u00e9ment aux lois applicables en mati\u00e8re de messages \u00e9lectroniques commerciaux. Si vous ne souhaitez plus recevoir de telles communications, vous pouvez \u00e0 tout moment vous d\u00e9sabonner en suivant les instructions fournies dans nos courriels ou en nous contactant directement.<\/li><\/ul><p>\u00a0<\/p><p><b>L&#8217;EXACTITUDE DE L&#8217;INFORMATION<\/b><\/p><p>Nous mettons tout en \u0153uvre pour que vos informations personnelles soient aussi pr\u00e9cises et compl\u00e8tes que n\u00e9cessaire aux fins de leur collecte, utilisation ou divulgation.<\/p><p><b>UTILISATION DES T\u00c9MOINS (COOKIES EN ANGLAIS) ET DE GOOGLE ANALYTICS<\/b><\/p><p>Nous utilisons des technologies de suivi telles que des t\u00e9moins, des balises et des scripts pour am\u00e9liorer et analyser notre site web. Nous utilisons des t\u00e9moins temporaires et persistants pour diverses raisons, notamment pour fournir les services disponibles sur le site web, pour authentifier les utilisateurs, pour personnaliser l&#8217;exp\u00e9rience de l&#8217;utilisateur et pour suivre les informations relatives au trafic et \u00e0 l&#8217;utilisation du site web.<\/p><p>Certains t\u00e9moins sont essentiels pour fournir les services demand\u00e9s et pour pr\u00e9venir l&#8217;utilisation frauduleuse des comptes d&#8217;utilisateurs. Nous utilisons \u00e9galement des t\u00e9moins persistants pour m\u00e9moriser les choix de l&#8217;utilisateur, tels que les identifiants et les pr\u00e9f\u00e9rences de langue, afin d&#8217;am\u00e9liorer l&#8217;exp\u00e9rience de l&#8217;utilisateur.<\/p><p>Nous utilisons \u00e9galement des t\u00e9moins de suivi et de performance persistants pour suivre les informations relatives au trafic sur le site web et pour tester de nouvelles pages, caract\u00e9ristiques ou fonctionnalit\u00e9s du site web afin d&#8217;observer la r\u00e9action des utilisateurs. Ces t\u00e9moins peuvent \u00eatre administr\u00e9s par des tierces parties et peuvent vous identifier directement ou indirectement en tant que visiteur individuel.<\/p><p>Vous pouvez configurer votre navigateur pour refuser les t\u00e9moins ou pour \u00eatre averti lorsqu&#8217;un t\u00e9moin est envoy\u00e9. Cependant, veuillez noter que certaines parties de notre site web pourraient ne pas fonctionner correctement si vous refusez les t\u00e9moins.<\/p><p><b>DONN\u00c9ES ANALYTIQUES<\/b><\/p><p>Nous pourrions faire appel \u00e0 des tiers, tels que Google Analytics, pour nous aider \u00e0 recueillir et \u00e0 analyser des informations sur les sections visit\u00e9es sur le site Web afin d\u2019\u00e9valuer et d\u2019am\u00e9liorer l\u2019exp\u00e9rience utilisateur et le site Web. Ces tiers peuvent utiliser des t\u00e9moins et d&#8217;autres technologies de suivi. Si vous souhaitez emp\u00eacher le stockage et le traitement de ces donn\u00e9es (y compris votre adresse IP) par Google, vous pouvez t\u00e9l\u00e9charger et installer le plugiciel de navigateur disponible au lien suivant : Page de t\u00e9l\u00e9chargement du module compl\u00e9mentaire de navigateur pour la d\u00e9sactivation de Google Analytics.<\/p><p>Vous pouvez \u00e9galement prendre connaissance de la politique de vie priv\u00e9e de Google Analytics en cliquant le lien suivant : Politique de confidentialit\u00e9 et conditions d\u2019utilisation \u2013 Google.<\/p><p><b>PIXELS DE CONVERSION<\/b><\/p><p>Les pixels de conversion, \u00e9galement connus sous le nom de \u00ab GIF transparent \u00bb ou \u00ab pixel espion \u00bb, sont de minuscules images, g\u00e9n\u00e9ralement un seul pixel, qui peuvent \u00eatre plac\u00e9es sur une page Web ou dans un courriel pour nous indiquer quand vous avez affich\u00e9 cette page ou ouvert ce courriel et pour analyser les taux de r\u00e9ponse.<\/p><p><b>CONSERVATION ET DESTRUCTION D\u2019INFORMATIONS PERSONNELLES<\/b><\/p><p>Nous ne conserverons vos donn\u00e9es personnelles que pour la dur\u00e9e n\u00e9cessaire aux fins \u00e9nonc\u00e9es dans cette politique de confidentialit\u00e9. Nous les conserverons et les utiliserons dans la mesure o\u00f9 cela est n\u00e9cessaire pour respecter nos obligations l\u00e9gales, pour r\u00e9soudre des litiges et pour faire appliquer nos politiques juridiques.<\/p><p>Nous conserverons \u00e9galement les donn\u00e9es d&#8217;utilisation \u00e0 des fins d&#8217;analyses internes. Ces donn\u00e9es sont g\u00e9n\u00e9ralement conserv\u00e9es pendant une p\u00e9riode plus courte, sauf si elles sont utilis\u00e9es pour renforcer la s\u00e9curit\u00e9 ou am\u00e9liorer la fonctionnalit\u00e9 de notre site web, ou si nous sommes juridiquement oblig\u00e9s de les conserver plus longtemps.<\/p><p><b>DIVULGATION DE VOS INFORMATIONS PERSONNELLES<\/b><\/p><p>Vos donn\u00e9es, y compris vos donn\u00e9es personnelles, sont trait\u00e9es dans nos bureaux op\u00e9rationnels et dans tout autre lieu o\u00f9 sont situ\u00e9es les parties impliqu\u00e9es dans ce traitement (tels que nos prestataires de services). Cela signifie que ces informations peuvent \u00eatre transf\u00e9r\u00e9es vers des ordinateurs situ\u00e9s en dehors de votre \u00e9tat, province, pays ou autre instance gouvernementale o\u00f9 les lois de protection des donn\u00e9es peuvent diff\u00e9rer de celles de votre juridiction. Par cons\u00e9quent, dans certaines circonstances, des gouvernements, tribunaux, organismes d&#8217;application de la loi ou organismes de r\u00e9glementation \u00e9trangers peuvent \u00eatre autoris\u00e9s \u00e0 acc\u00e9der aux donn\u00e9es personnelles collect\u00e9es et d\u00e9tenues sous notre contr\u00f4le.<\/p><p>En utilisant notre site web, vous consentez \u00e0 ce transfert. Nous prendrons toutes les mesures n\u00e9cessaires pour garantir que vos donn\u00e9es personnelles sont trait\u00e9es de mani\u00e8re s\u00e9curis\u00e9e et conform\u00e9ment \u00e0 cette politique de confidentialit\u00e9. Aucun transfert de vos donn\u00e9es personnelles n&#8217;aura lieu vers une organisation ou un pays sans qu&#8217;il n&#8217;y ait de contr\u00f4les ad\u00e9quats en place, y compris en ce qui concerne la s\u00e9curit\u00e9 de vos donn\u00e9es personnelles et autres informations personnelles.<\/p><p><b>VENTE OU TRANSFERT D\u2019ENTREPRISE OU D\u2019ACTIFS<\/b><\/p><p>Lorsqu&#8217;une entreprise est vendue ou transf\u00e9r\u00e9e, vos donn\u00e9es personnelles peuvent \u00e9galement \u00eatre transf\u00e9r\u00e9es \u00e0 l&#8217;acqu\u00e9reur ou au b\u00e9n\u00e9ficiaire des actifs. Si cela se produit, Recrutement GK exigera que l&#8217;acqu\u00e9reur utilise vos donn\u00e9es personnelles conform\u00e9ment \u00e0 cette politique de confidentialit\u00e9. Cela inclut l&#8217;utilisation de vos donn\u00e9es personnelles uniquement par l&#8217;acqu\u00e9reur et ses soci\u00e9t\u00e9s affili\u00e9es. Si nous sommes impliqu\u00e9s dans une r\u00e9organisation, une dissolution ou une liquidation, cela peut \u00e9galement entra\u00eener le transfert de vos donn\u00e9es personnelles \u00e0 une tierce partie. Dans tous les cas, nous nous efforcerons de prot\u00e9ger vos donn\u00e9es personnelles et de vous informer de tout transfert dans la mesure requise par la loi applicable.<\/p><p><b>S\u00c9CURIT\u00c9 DE VOS INFORMATIONS PERSONNELLES<\/b><\/p><p>Nous avons mis en place des mesures de s\u00e9curit\u00e9 physiques, techniques et administratives appropri\u00e9es pour prot\u00e9ger les donn\u00e9es personnelles que vous nous fournissez contre tout acc\u00e8s, utilisation ou divulgation non autoris\u00e9s. Ces mesures sont r\u00e9guli\u00e8rement r\u00e9\u00e9valu\u00e9es et am\u00e9lior\u00e9es afin d&#8217;assurer la protection optimale de vos donn\u00e9es.<\/p><p>Bien que nous fassions tout notre possible pour prot\u00e9ger vos donn\u00e9es personnelles, il est important de garder \u00e0 l&#8217;esprit qu&#8217;aucune m\u00e9thode de transmission via Internet ou de stockage \u00e9lectronique n&#8217;est s\u00fbre \u00e0 100 %. Nous ne pouvons donc pas garantir leur s\u00e9curit\u00e9 absolue.<\/p><p>Il est \u00e9galement important de noter que nous ne pouvons \u00eatre tenus responsables des donn\u00e9es personnelles que vous partagez avec d&#8217;autres utilisateurs ou que vous publiez dans des espaces publics tels que nos blogs. Ces espaces publics peuvent \u00eatre consult\u00e9s ou vus par toute personne visitant notre site web et ne sont donc pas couverts par cette politique.<\/p><p><b>LIENS VERS D\u2019AUTRES SITES WEB<\/b><\/p><p>Notre site web peut contenir des liens vers des sites web tiers. Lorsque vous suivez ces liens, vous quittez notre site web. Les informations \u00e9chang\u00e9es \u00e0 ce moment-l\u00e0 ne sont plus soumises \u00e0 notre politique de confidentialit\u00e9. Nous vous recommandons de prendre connaissance des d\u00e9clarations de confidentialit\u00e9 des autres sites web que vous visitez avant de fournir toute information.<\/p><p><b>LA VIE PRIV\u00c9E DES ENFANTS<\/b><\/p><p>Nous ne collectons ni ne sollicitons sciemment les informations personnelles d&#8217;enfants de moins de 13 ans. Si vous avez moins de 13 ans, nous vous prions de ne pas essayer de nous envoyer des informations personnelles. Si nous d\u00e9couvrons que nous avons recueilli par inadvertance des informations personnelles d&#8217;un utilisateur de moins de 13 ans, nous tenterons de supprimer imm\u00e9diatement ces informations de nos fichiers et dossiers. Nous encourageons \u00e9galement les utilisateurs mineurs du site Web \u00e2g\u00e9s de 13 ans ou plus \u00e0 demander la permission \u00e0 leurs parents ou tuteurs avant d&#8217;envoyer toute information les concernant sur Internet.<\/p><p>Si vous pensez qu&#8217;un enfant de moins de 13 ans nous a fourni des informations personnelles, veuillez nous contacter en utilisant les coordonn\u00e9es fournies dans la section suivante.<\/p><p><b>VOS DROITS<\/b><\/p><p>Vous avez le droit de savoir si nous d\u00e9tenons des informations personnelles vous concernant et de consulter ces informations. Vous avez \u00e9galement le droit de demander comment nous avons recueilli vos informations, comment nous les avons utilis\u00e9es et \u00e0 qui elles ont pu \u00eatre divulgu\u00e9es.<\/p><p>Sous r\u00e9serve des lois applicables, sur r\u00e9ception d&#8217;une demande \u00e9crite d&#8217;une personne et apr\u00e8s v\u00e9rification de son identit\u00e9, nous informerons la personne si nous d\u00e9tenons des renseignements personnels \u00e0 son sujet et lui communiquerons ces renseignements.<\/p><p>Nous pouvons refuser \u00e0 une personne l&#8217;acc\u00e8s \u00e0 ses informations conform\u00e9ment aux lois en vigueur, auquel cas nous motiverons son refus.<\/p><p>Toute demande d&#8217;acc\u00e8s aux informations ou demande de modification peut \u00eatre envoy\u00e9e \u00e0 la personne responsable de la protection des renseignements personnels \u00e0 l&#8217;adresse suivante :<\/p><p>Par courriel :\u00a0<a class=\"link-extension link-extension link-extension\" style=\"text-align: var(--text-align); background-color: #ffffff; font-family: var( --e-global-typography-b2ce6af-font-family ), Sans-serif; font-size: var( --e-global-typography-b2ce6af-font-size ); font-style: var( --e-global-typography-b2ce6af-font-style ); font-weight: var( --e-global-typography-b2ce6af-font-weight ); letter-spacing: var( --e-global-typography-b2ce6af-letter-spacing ); text-transform: var( --e-global-typography-b2ce6af-text-transform ); word-spacing: var( --e-global-typography-b2ce6af-word-spacing );\" href=\"mailto:rh@recrutementgk.com\" target=\"_blank\" rel=\"noopener noreferrer nofollow\"><u>rh@recrutementgk.com<\/u><\/a><\/p><p>Par courrier postal :\u00a0 Adresse: 1111 Bd Dr.-Frederik-Philips suite #600, Saint-Laurent, QC H4M 2X6<\/p><p><strong>PLAINTES ET PR\u00c9OCCUPATIONS<\/strong><\/p><p>Notre personnel et nos repr\u00e9sentants sont form\u00e9s pour r\u00e9pondre aux questions ou aux pr\u00e9occupations concernant vos informations personnelles. Si vous n&#8217;\u00eates pas satisfait de la r\u00e9ponse de notre employ\u00e9 ou de notre repr\u00e9sentant, vous pouvez contacter la personne responsable de la protection de la vie priv\u00e9e \u00e0 l&#8217;adresse mentionn\u00e9e ci-dessus.<\/p><p><strong>MODIFICATION DE LA POLITIQUE DE CONFIDENTIALIT\u00c9<\/strong><\/p><p>Nous pouvons modifier cette politique de temps \u00e0 autre et nous publierons la version la plus r\u00e9cente en ligne. Nous vous encourageons \u00e0 consulter r\u00e9guli\u00e8rement cette politique de confidentialit\u00e9 pour vous tenir inform\u00e9 de tout changement.<\/p>\t\t\t\t\t\t\t\t<\/div>\n\t\t\t\t<\/div>\n\t\t\t\t\t<\/div>\n\t\t\t\t<\/div>\n\t\t\t\t\t<\/div>\n\t\t\t\t<\/div>\n\t\t\t\t<\/div>\n\t\t","protected":false},"excerpt":{"rendered":"<p>PRIVACY POLICY Derni\u00e8re mise \u00e0 jour : 1 Novembre 2023 Chez Recrutement GK, nous croyons fermement \u00e0 l&#8217;importance de prot\u00e9ger les informations personnelles de nos clients, employ\u00e9s et repr\u00e9sentants (d\u00e9sign\u00e9s ci-apr\u00e8s par \u00ab vous \u00bb, \u00ab votre \u00bb). Nous sommes assujettis \u00e0 la Loi sur la protection des renseignements personnels dans le secteur priv\u00e9, et [&hellip;]<\/p>\n","protected":false},"author":1,"featured_media":0,"parent":0,"menu_order":0,"comment_status":"closed","ping_status":"closed","template":"","meta":{"footnotes":""},"class_list":["post-1042","page","type-page","status-publish","hentry"],"_links":{"self":[{"href":"https:\/\/recrutementgk.com\/en\/wp-json\/wp\/v2\/pages\/1042","targetHints":{"allow":["GET"]}}],"collection":[{"href":"https:\/\/recrutementgk.com\/en\/wp-json\/wp\/v2\/pages"}],"about":[{"href":"https:\/\/recrutementgk.com\/en\/wp-json\/wp\/v2\/types\/page"}],"author":[{"embeddable":true,"href":"https:\/\/recrutementgk.com\/en\/wp-json\/wp\/v2\/users\/1"}],"replies":[{"embeddable":true,"href":"https:\/\/recrutementgk.com\/en\/wp-json\/wp\/v2\/comments?post=1042"}],"version-history":[{"count":4,"href":"https:\/\/recrutementgk.com\/en\/wp-json\/wp\/v2\/pages\/1042\/revisions"}],"predecessor-version":[{"id":1047,"href":"https:\/\/recrutementgk.com\/en\/wp-json\/wp\/v2\/pages\/1042\/revisions\/1047"}],"wp:attachment":[{"href":"https:\/\/recrutementgk.com\/en\/wp-json\/wp\/v2\/media?parent=1042"}],"curies":[{"name":"wp","href":"https:\/\/api.w.org\/{rel}","templated":true}]}}